{"id":47737,"date":"2020-11-02T12:33:38","date_gmt":"2020-11-02T16:33:38","guid":{"rendered":"https:\/\/mountdorafamilydental.com\/404-2\/"},"modified":"2026-04-01T12:20:34","modified_gmt":"2026-04-01T16:20:34","slug":"404-2","status":"publish","type":"page","link":"https:\/\/mountdorafamilydental.com\/es\/404-2\/","title":{"rendered":"404 - Personalizado"},"content":{"rendered":"<div id=\"cs-content\" class=\"cs-content\"><div class=\"x-section e47737-e1 m10u1-0 m10u1-1 m10u1-3 hero_video\" style=\"--tco-dc10u1-1:#807C50;\"><div class=\"x-bg\" aria-hidden=\"true\"><div class=\"x-bg-layer-lower-color\"><\/div><div class=\"x-bg-layer-upper-color\"><\/div><\/div><div class=\"x-row x-container max width e47737-e2 m10u1-4 m10u1-5 m10u1-6 m10u1-9 m10u1-a\"><div class=\"x-row-inner\"><div class=\"x-col e47737-e3 m10u1-d m10u1-e m10u1-f\"><div class=\"x-div e47737-e4 m10u1-h\"><div class=\"x-text x-content e47737-e5 m10u1-i m10u1-j m10u1-k m10u1-l m10u1-m\"><p class=\"p9px txt_white\">Se Habla Espa\u00f1ol<\/p><\/div><div class=\"x-text x-content e47737-e6 m10u1-i m10u1-j m10u1-k m10u1-l m10u1-m\"><p class=\"p9px txt_white\">Citas de urgencia disponibles<\/p><\/div><\/div><div class=\"x-text x-content e47737-e7 m10u1-i m10u1-m m10u1-n\"><a class=\"x-image\" href=\"\/es\/homepage\/\" style=\"outline: none;\"><img sizes=\"(max-width: 1036px) 100vw, 1036px\" srcset=\"https:\/\/mountdorafamilydental.com\/wp-content\/uploads\/sites\/33\/2025\/08\/Mount-Dora-white-logo.png 1036w, https:\/\/mountdorafamilydental.com\/wp-content\/uploads\/sites\/33\/2025\/08\/Mount-Dora-white-logo-300x60.png 300w, https:\/\/mountdorafamilydental.com\/wp-content\/uploads\/sites\/33\/2025\/08\/Mount-Dora-white-logo-1024x206.png 1024w, https:\/\/mountdorafamilydental.com\/wp-content\/uploads\/sites\/33\/2025\/08\/Mount-Dora-white-logo-768x154.png 768w, https:\/\/mountdorafamilydental.com\/wp-content\/uploads\/sites\/33\/2025\/08\/Mount-Dora-white-logo-18x4.png 18w, https:\/\/mountdorafamilydental.com\/wp-content\/uploads\/sites\/33\/2025\/08\/Mount-Dora-white-logo-100x20.png 100w\" decoding=\"async\" src=\"https:\/\/mountdorafamilydental.com\/wp-content\/uploads\/sites\/33\/2025\/08\/Mount-Dora-white-logo.png\" width=\"480\" height=\"96\" alt=\"Mount Dora Family Dental Logo\" loading=\"lazy\"><\/a><\/div><\/div><\/div><\/div><div class=\"x-row x-container max width e47737-e8 m10u1-4 m10u1-6 m10u1-7 m10u1-9 m10u1-b\"><div class=\"x-row-inner\"><div class=\"x-col e47737-e9 m10u1-d m10u1-f m10u1-g\"><div class=\"x-text x-content e47737-e10 m10u1-i m10u1-l m10u1-o\"><h1 class=\"txt_white\">P\u00e1gina no encontrada<\/h1><\/div><div class=\"x-text x-content e47737-e11 m10u1-i m10u1-j m10u1-m m10u1-p\"><p class=\"pdefault txt_white\">Aunque a nadie le gusta no encontrar la p\u00e1gina que busca, creemos que le gustar\u00e1 <a href=\"\/es\/special-offers\/\" target=\"_self\" class=\"txt_white\">esta p\u00e1gina<\/a> \u00a1en su lugar!<\/p><\/div><\/div><\/div><\/div><\/div><div class=\"x-section e47737-e12 m10u1-0 m10u1-2\"><div class=\"x-row e47737-e13 m10u1-4 m10u1-8 m10u1-9 m10u1-c\"><div class=\"x-row-inner\"><div class=\"x-col e47737-e14 m10u1-f\"><div class=\"cs-content x-global-block x-global-block-47591 e47591-e0\"><div class=\"x-section e47591-e2 m10pz-0\" style=\"--tco-dc10pz-1:#ffffff;--tco-dc10pz-4:#ffffff;\"><div class=\"x-row x-container max width e47591-e3 m10pz-1 m10pz-2 m10pz-3\"><div class=\"x-row-inner\"><div class=\"x-col e47591-e4 m10pz-5 m10pz-6 m10pz-7\"><div class=\"x-text x-content e47591-e5 m10pz-a m10pz-b\"><h2>Opciones de pago flexibles<\/h2>\n<h3>Para una atenci\u00f3n dental de alta calidad en Mount Dora<\/h3><\/div><div class=\"x-text x-content e47591-e6 m10pz-a m10pz-c\"><p class=\"pdefault\">Para su comodidad, Mount Dora Family Dental acepta:<\/p>\n\n<ul>\n \t<li class=\"pdefault\">Una amplia gama de planes de seguro dental PPO -<span>\u00a0<\/span><a href=\"\/es\/insurances-we-accept\/\" target=\"_self\"><b>pulse aqu\u00ed<\/b> para ver qu\u00e9 seguros aceptamos<\/a><\/li>\n \t<li class=\"pdefault\">Plan interno de descuentos y ofertas especiales para pacientes sin seguro m\u00e9dico<\/li>\n \t<li class=\"pdefault\">Efectivo y cheque<\/li>\n \t<li class=\"pdefault\">Todas las principales tarjetas de cr\u00e9dito, incluidas MasterCard, VISA, Discover, American Express, etc.<\/li>\n<\/ul>\n<p class=\"pdefault\"><b>NO aceptamos planes HMO ni Medicaid.<\/b><\/p><\/div><\/div><div class=\"x-col e47591-e7 m10pz-5 m10pz-8 m10pz-9\"><a class=\"x-image e47591-e8 m10pz-e\" href=\"https:\/\/apply.sunbit.com\/mountdorafamilydental\" target=\"_blank\" rel=\"noopener noreferrer\"><img sizes=\"(max-width: 600px) 100vw, 600px\" srcset=\"https:\/\/mountdorafamilydental.com\/wp-content\/uploads\/sites\/33\/2025\/11\/Dntl_Web_600x500-1.png 600w, https:\/\/mountdorafamilydental.com\/wp-content\/uploads\/sites\/33\/2025\/11\/Dntl_Web_600x500-1-300x250.png 300w, https:\/\/mountdorafamilydental.com\/wp-content\/uploads\/sites\/33\/2025\/11\/Dntl_Web_600x500-1-14x12.png 14w, https:\/\/mountdorafamilydental.com\/wp-content\/uploads\/sites\/33\/2025\/11\/Dntl_Web_600x500-1-100x83.png 100w\" decoding=\"async\" src=\"https:\/\/mountdorafamilydental.com\/wp-content\/uploads\/sites\/33\/2025\/11\/Dntl_Web_600x500-1.png\" width=\"300\" height=\"250\" alt=\"Smile now, Pay-over-time with sunbit\"><\/a><\/div><\/div><\/div><\/div><\/div><\/div><\/div><\/div><\/div><\/div>","protected":false},"excerpt":{"rendered":"<p>Se Habla Espa\u00f1olCitas de Emergencia DisponiblesP\u00e1gina no encontradaAunque a nadie le gusta cuando no pueden encontrar la p\u00e1gina que est\u00e1n buscando, pensamos que te puede gustar esta p\u00e1gina en su lugar! Opciones de pago flexibles para el cuidado dental de alta calidad en Mount DoraPara su comodidad, Mount Dora Family Dental acepta: Una amplia gama de planes de seguro dental PPO - haga clic aqu\u00ed para ver qu\u00e9 seguros ...<\/p>","protected":false},"author":2,"featured_media":0,"parent":0,"menu_order":0,"comment_status":"closed","ping_status":"closed","template":"template-blank-4.php","meta":{"footnotes":""},"class_list":["post-47737","page","type-page","status-publish","hentry","no-post-thumbnail"],"aioseo_notices":[],"aioseo_head":"\n\t\t<!-- All in One SEO Pro 4.9.5.1 - aioseo.com -->\n\t<meta name=\"description\" content=\"Se Habla Espa\u00f1olEmergency Appointments AvailablePage not foundWhile no one likes it when they can&#039;t find the page they are looking for, we think you might like this page instead!Flexible Payment Options For High-Quality Dental Care in Mount DoraFor your convenience, Mount Dora Family Dental accepts: A wide range of PPO dental insurance plans - click here\" \/>\n\t<meta name=\"robots\" content=\"max-image-preview:large\" \/>\n\t<link rel=\"canonical\" href=\"https:\/\/mountdorafamilydental.com\/es\/404-2\/\" \/>\n\t<meta name=\"generator\" content=\"All in One SEO Pro (AIOSEO) 4.9.5.1\" \/>\n\t\t<meta property=\"og:locale\" content=\"es_ES\" \/>\n\t\t<meta property=\"og:site_name\" content=\"Mount Dora Family Dental - Mount Dora Family Dental\" \/>\n\t\t<meta property=\"og:type\" content=\"website\" \/>\n\t\t<meta property=\"og:title\" content=\"404 \u2013 Custom - Mount Dora Family Dental - Dentist Near You\" \/>\n\t\t<meta property=\"og:description\" content=\"Se Habla Espa\u00f1olEmergency Appointments AvailablePage not foundWhile no one likes it when they can&#039;t find the page they are looking for, we think you might like this page instead!Flexible Payment Options For High-Quality Dental Care in Mount DoraFor your convenience, Mount Dora Family Dental accepts: A wide range of PPO dental insurance plans - click here\" \/>\n\t\t<meta property=\"og:url\" content=\"https:\/\/mountdorafamilydental.com\/es\/404-2\/\" \/>\n\t\t<meta property=\"og:image\" content=\"https:\/\/mountdorafamilydental.com\/wp-content\/uploads\/sites\/33\/2025\/07\/cropped-MFD_IconColorwithBG1024x1024-.png\" \/>\n\t\t<meta property=\"og:image:secure_url\" content=\"https:\/\/mountdorafamilydental.com\/wp-content\/uploads\/sites\/33\/2025\/07\/cropped-MFD_IconColorwithBG1024x1024-.png\" \/>\n\t\t<meta property=\"og:image:width\" content=\"512\" \/>\n\t\t<meta property=\"og:image:height\" content=\"512\" \/>\n\t\t<meta name=\"twitter:card\" content=\"summary\" \/>\n\t\t<meta name=\"twitter:title\" content=\"404 \u2013 Custom - Mount Dora Family Dental - Dentist Near You\" \/>\n\t\t<meta name=\"twitter:description\" content=\"Se Habla Espa\u00f1olEmergency Appointments AvailablePage not foundWhile no one likes it when they can&#039;t find the page they are looking for, we think you might like this page instead!Flexible Payment Options For High-Quality Dental Care in Mount DoraFor your convenience, Mount Dora Family Dental accepts: A wide range of PPO dental insurance plans - click here\" \/>\n\t\t<meta name=\"twitter:image\" content=\"https:\/\/mountdorafamilydental.com\/wp-content\/uploads\/sites\/33\/2025\/07\/cropped-MFD_IconColorwithBG1024x1024-.png\" \/>\n\t\t<script type=\"application\/ld+json\" class=\"aioseo-schema\">\n\t\t\t{\"@context\":\"https:\\\/\\\/schema.org\",\"@graph\":[{\"@type\":\"BreadcrumbList\",\"@id\":\"https:\\\/\\\/mountdorafamilydental.com\\\/es\\\/404-2\\\/#breadcrumblist\",\"itemListElement\":[{\"@type\":\"ListItem\",\"@id\":\"https:\\\/\\\/mountdorafamilydental.com\\\/es#listItem\",\"position\":1,\"name\":\"Home\",\"item\":\"https:\\\/\\\/mountdorafamilydental.com\\\/es\",\"nextItem\":{\"@type\":\"ListItem\",\"@id\":\"https:\\\/\\\/mountdorafamilydental.com\\\/es\\\/404-2\\\/#listItem\",\"name\":\"404 &#8211; Custom\"}},{\"@type\":\"ListItem\",\"@id\":\"https:\\\/\\\/mountdorafamilydental.com\\\/es\\\/404-2\\\/#listItem\",\"position\":2,\"name\":\"404 &#8211; Custom\",\"previousItem\":{\"@type\":\"ListItem\",\"@id\":\"https:\\\/\\\/mountdorafamilydental.com\\\/es#listItem\",\"name\":\"Home\"}}]},{\"@type\":\"Organization\",\"@id\":\"https:\\\/\\\/mountdorafamilydental.com\\\/es\\\/#organization\",\"name\":\"Mount Dora Family Dental\",\"description\":\"Mount Dora Family Dental\",\"url\":\"https:\\\/\\\/mountdorafamilydental.com\\\/es\\\/\",\"email\":\"info@mountdorafamilydental.com\",\"telephone\":\"+13527551020\",\"logo\":{\"@type\":\"ImageObject\",\"url\":\"https:\\\/\\\/mountdorafamilydental.com\\\/wp-content\\\/uploads\\\/sites\\\/33\\\/2025\\\/07\\\/MFD-Logo_FINAL.png\",\"@id\":\"https:\\\/\\\/mountdorafamilydental.com\\\/es\\\/404-2\\\/#organizationLogo\",\"width\":1115,\"height\":189},\"image\":{\"@id\":\"https:\\\/\\\/mountdorafamilydental.com\\\/es\\\/404-2\\\/#organizationLogo\"},\"address\":{\"@id\":\"https:\\\/\\\/mountdorafamilydental.com\\\/es\\\/#postaladdress\",\"@type\":\"PostalAddress\",\"streetAddress\":\"18660 US-441, Suite 106,\",\"postalCode\":\"32757\",\"addressLocality\":\"Mount Dora\",\"addressRegion\":\"Florida\",\"addressCountry\":\"US\"}},{\"@type\":\"WebPage\",\"@id\":\"https:\\\/\\\/mountdorafamilydental.com\\\/es\\\/404-2\\\/#webpage\",\"url\":\"https:\\\/\\\/mountdorafamilydental.com\\\/es\\\/404-2\\\/\",\"name\":\"404 \\u2013 Custom - Mount Dora Family Dental - Dentist Near You\",\"description\":\"Se Habla Espa\\u00f1olEmergency Appointments AvailablePage not foundWhile no one likes it when they can't find the page they are looking for, we think you might like this page instead!Flexible Payment Options For High-Quality Dental Care in Mount DoraFor your convenience, Mount Dora Family Dental accepts: A wide range of PPO dental insurance plans - click here\",\"inLanguage\":\"es-ES\",\"isPartOf\":{\"@id\":\"https:\\\/\\\/mountdorafamilydental.com\\\/es\\\/#website\"},\"breadcrumb\":{\"@id\":\"https:\\\/\\\/mountdorafamilydental.com\\\/es\\\/404-2\\\/#breadcrumblist\"},\"datePublished\":\"2020-11-02T12:33:38-05:00\",\"dateModified\":\"2026-04-01T12:20:34-04:00\"},{\"@type\":\"WebSite\",\"@id\":\"https:\\\/\\\/mountdorafamilydental.com\\\/es\\\/#website\",\"url\":\"https:\\\/\\\/mountdorafamilydental.com\\\/es\\\/\",\"name\":\"Mount Dora Family Dental\",\"description\":\"Mount Dora Family Dental\",\"inLanguage\":\"es-ES\",\"publisher\":{\"@id\":\"https:\\\/\\\/mountdorafamilydental.com\\\/es\\\/#organization\"}}]}\n\t\t<\/script>\n\t\t<!-- All in One SEO Pro -->\r\n\t\t<title>404 \u2013 Custom - Mount Dora Family Dental - Dentist Near You<\/title>\n\n","aioseo_head_json":{"title":"404 - Personalizado - Mount Dora Family Dental - Dentista cerca de usted","description":"Se Habla Espa\u00f1olCitas de Emergencia DisponiblesP\u00e1gina no encontradaAunque a nadie le gusta cuando no pueden encontrar la p\u00e1gina que est\u00e1n buscando, creemos que podr\u00eda gustarle esta p\u00e1gina en su lugar! Opciones de pago flexibles para el cuidado dental de alta calidad en Mount DoraPara su comodidad, Mount Dora Family Dental acepta: Una amplia gama de planes de seguro dental PPO - haga clic aqu\u00ed","canonical_url":"https:\/\/mountdorafamilydental.com\/es\/404-2\/","robots":"max-image-preview:large","keywords":"","webmasterTools":{"miscellaneous":""},"schema":{"@context":"https:\/\/schema.org","@graph":[{"@type":"BreadcrumbList","@id":"https:\/\/mountdorafamilydental.com\/es\/404-2\/#breadcrumblist","itemListElement":[{"@type":"ListItem","@id":"https:\/\/mountdorafamilydental.com\/es#listItem","position":1,"name":"Home","item":"https:\/\/mountdorafamilydental.com\/es","nextItem":{"@type":"ListItem","@id":"https:\/\/mountdorafamilydental.com\/es\/404-2\/#listItem","name":"404 &#8211; Custom"}},{"@type":"ListItem","@id":"https:\/\/mountdorafamilydental.com\/es\/404-2\/#listItem","position":2,"name":"404 &#8211; Custom","previousItem":{"@type":"ListItem","@id":"https:\/\/mountdorafamilydental.com\/es#listItem","name":"Home"}}]},{"@type":"Organization","@id":"https:\/\/mountdorafamilydental.com\/es\/#organization","name":"Mount Dora Family Dental","description":"Mount Dora Family Dental","url":"https:\/\/mountdorafamilydental.com\/es\/","email":"info@mountdorafamilydental.com","telephone":"+13527551020","logo":{"@type":"ImageObject","url":"https:\/\/mountdorafamilydental.com\/wp-content\/uploads\/sites\/33\/2025\/07\/MFD-Logo_FINAL.png","@id":"https:\/\/mountdorafamilydental.com\/es\/404-2\/#organizationLogo","width":1115,"height":189},"image":{"@id":"https:\/\/mountdorafamilydental.com\/es\/404-2\/#organizationLogo"},"address":{"@id":"https:\/\/mountdorafamilydental.com\/es\/#postaladdress","@type":"PostalAddress","streetAddress":"18660 US-441, Suite 106,","postalCode":"32757","addressLocality":"Mount Dora","addressRegion":"Florida","addressCountry":"US"}},{"@type":"WebPage","@id":"https:\/\/mountdorafamilydental.com\/es\/404-2\/#webpage","url":"https:\/\/mountdorafamilydental.com\/es\/404-2\/","name":"404 \u2013 Custom - Mount Dora Family Dental - Dentist Near You","description":"Se Habla Espa\u00f1olEmergency Appointments AvailablePage not foundWhile no one likes it when they can't find the page they are looking for, we think you might like this page instead!Flexible Payment Options For High-Quality Dental Care in Mount DoraFor your convenience, Mount Dora Family Dental accepts: A wide range of PPO dental insurance plans - click here","inLanguage":"es-ES","isPartOf":{"@id":"https:\/\/mountdorafamilydental.com\/es\/#website"},"breadcrumb":{"@id":"https:\/\/mountdorafamilydental.com\/es\/404-2\/#breadcrumblist"},"datePublished":"2020-11-02T12:33:38-05:00","dateModified":"2026-04-01T12:20:34-04:00"},{"@type":"WebSite","@id":"https:\/\/mountdorafamilydental.com\/es\/#website","url":"https:\/\/mountdorafamilydental.com\/es\/","name":"Mount Dora Family Dental","description":"Mount Dora Family Dental","inLanguage":"es-ES","publisher":{"@id":"https:\/\/mountdorafamilydental.com\/es\/#organization"}}]},"og:locale":"es_ES","og:site_name":"Mount Dora Family Dental - Mount Dora Family Dental","og:type":"website","og:title":"404 \u2013 Custom - Mount Dora Family Dental - Dentist Near You","og:description":"Se Habla Espa\u00f1olEmergency Appointments AvailablePage not foundWhile no one likes it when they can't find the page they are looking for, we think you might like this page instead!Flexible Payment Options For High-Quality Dental Care in Mount DoraFor your convenience, Mount Dora Family Dental accepts: A wide range of PPO dental insurance plans - click here","og:url":"https:\/\/mountdorafamilydental.com\/es\/404-2\/","og:image":"https:\/\/mountdorafamilydental.com\/wp-content\/uploads\/sites\/33\/2025\/07\/cropped-MFD_IconColorwithBG1024x1024-.png","og:image:secure_url":"https:\/\/mountdorafamilydental.com\/wp-content\/uploads\/sites\/33\/2025\/07\/cropped-MFD_IconColorwithBG1024x1024-.png","og:image:width":512,"og:image:height":512,"twitter:card":"summary","twitter:title":"404 \u2013 Custom - Mount Dora Family Dental - Dentist Near You","twitter:description":"Se Habla Espa\u00f1olEmergency Appointments AvailablePage not foundWhile no one likes it when they can't find the page they are looking for, we think you might like this page instead!Flexible Payment Options For High-Quality Dental Care in Mount DoraFor your convenience, Mount Dora Family Dental accepts: A wide range of PPO dental insurance plans - click here","twitter:image":"https:\/\/mountdorafamilydental.com\/wp-content\/uploads\/sites\/33\/2025\/07\/cropped-MFD_IconColorwithBG1024x1024-.png"},"aioseo_meta_data":{"post_id":"47737","title":"#post_title #separator_sa #site_title #separator_sa Dentista cerca de ti","description":"#post_excerpt","keywords":null,"keyphrases":{"focus":{"keyphrase":"","score":0,"analysis":{"keyphraseInTitle":{"score":0,"maxScore":9,"error":1}}},"additional":[]},"primary_term":null,"canonical_url":null,"og_title":null,"og_description":null,"og_object_type":"website","og_image_type":"default","og_image_url":null,"og_image_width":null,"og_image_height":null,"og_image_custom_url":null,"og_image_custom_fields":null,"og_video":"","og_custom_url":null,"og_article_section":null,"og_article_tags":null,"twitter_use_og":false,"twitter_card":"default","twitter_image_type":"default","twitter_image_url":null,"twitter_image_custom_url":null,"twitter_image_custom_fields":null,"twitter_title":null,"twitter_description":null,"schema":{"blockGraphs":[],"customGraphs":[],"default":{"data":{"Article":[],"Course":[],"Dataset":[],"FAQPage":[],"Movie":[],"Person":[],"Product":[],"ProductReview":[],"Car":[],"Recipe":[],"Service":[],"SoftwareApplication":[],"WebPage":[]},"graphName":"WebPage","isEnabled":true},"graphs":[]},"schema_type":"default","schema_type_options":null,"pillar_content":false,"robots_default":true,"robots_noindex":false,"robots_noarchive":false,"robots_nosnippet":false,"robots_nofollow":false,"robots_noimageindex":false,"robots_noodp":false,"robots_notranslate":false,"robots_max_snippet":"-1","robots_max_videopreview":"-1","robots_max_imagepreview":"large","priority":null,"frequency":"default","local_seo":null,"seo_analyzer_scan_date":"2026-04-01 16:21:15","breadcrumb_settings":null,"limit_modified_date":false,"reviewed_by":"0","open_ai":null,"ai":{"faqs":[],"keyPoints":[],"titles":[],"descriptions":[],"socialPosts":{"email":[],"linkedin":[],"twitter":[],"facebook":[],"instagram":[]}},"created":"2023-10-18 17:08:56","updated":"2026-04-01 17:44:38"},"aioseo_breadcrumb":"<div class=\"aioseo-breadcrumbs\"><span class=\"aioseo-breadcrumb\">\n\t<a href=\"https:\/\/mountdorafamilydental.com\/es\" title=\"Home\">Home<\/a>\n<\/span><span class=\"aioseo-breadcrumb-separator\">\u00bb<\/span><span class=\"aioseo-breadcrumb\">\n\t404 \u2013 Custom\n<\/span><\/div>","aioseo_breadcrumb_json":[{"label":"Home","link":"https:\/\/mountdorafamilydental.com\/es"},{"label":"404 &#8211; Custom","link":"https:\/\/mountdorafamilydental.com\/es\/404-2\/"}],"_links":{"self":[{"href":"https:\/\/mountdorafamilydental.com\/es\/wp-json\/wp\/v2\/pages\/47737","targetHints":{"allow":["GET"]}}],"collection":[{"href":"https:\/\/mountdorafamilydental.com\/es\/wp-json\/wp\/v2\/pages"}],"about":[{"href":"https:\/\/mountdorafamilydental.com\/es\/wp-json\/wp\/v2\/types\/page"}],"author":[{"embeddable":true,"href":"https:\/\/mountdorafamilydental.com\/es\/wp-json\/wp\/v2\/users\/2"}],"replies":[{"embeddable":true,"href":"https:\/\/mountdorafamilydental.com\/es\/wp-json\/wp\/v2\/comments?post=47737"}],"version-history":[{"count":0,"href":"https:\/\/mountdorafamilydental.com\/es\/wp-json\/wp\/v2\/pages\/47737\/revisions"}],"wp:attachment":[{"href":"https:\/\/mountdorafamilydental.com\/es\/wp-json\/wp\/v2\/media?parent=47737"}],"curies":[{"name":"wp","href":"https:\/\/api.w.org\/{rel}","templated":true}]}}